{"id":1925,"date":"2023-04-19T12:52:23","date_gmt":"2023-04-19T10:52:23","guid":{"rendered":"https:\/\/lombaert.mailbox-marketing10.be\/?page_id=1925"},"modified":"2023-04-19T15:13:21","modified_gmt":"2023-04-19T13:13:21","slug":"privacy-en-cookiebeleid","status":"publish","type":"page","link":"https:\/\/betonwerken-lombaert.be\/fr\/politique-en-matiere-de-protection-de-la-vie-privee-et-de-cookies-2\/","title":{"rendered":"Politique en mati\u00e8re de confidentialit\u00e9 et de cookies"},"content":{"rendered":"<div data-elementor-type=\"wp-page\" data-elementor-id=\"1925\" class=\"elementor elementor-1925\" data-elementor-settings=\"{&quot;ha_cmc_init_switcher&quot;:&quot;no&quot;}\" data-elementor-post-type=\"page\">\n\t\t\t\t\t\t<section class=\"elementor-section elementor-top-section elementor-element elementor-element-af96e13 elementor-section-height-min-height elementor-section-boxed elementor-section-height-default elementor-section-items-middle\" data-id=\"af96e13\" data-element_type=\"section\" data-e-type=\"section\" data-settings=\"{&quot;background_background&quot;:&quot;classic&quot;,&quot;shape_divider_bottom&quot;:&quot;triangle-asymmetrical&quot;,&quot;shape_divider_bottom_negative&quot;:&quot;yes&quot;,&quot;jet_parallax_layout_list&quot;:[],&quot;_ha_eqh_enable&quot;:false}\">\n\t\t\t\t\t<div class=\"elementor-shape elementor-shape-bottom\" aria-hidden=\"true\" data-negative=\"true\">\n\t\t\t<svg xmlns=\"http:\/\/www.w3.org\/2000\/svg\" viewbox=\"0 0 1000 100\" preserveaspectratio=\"none\">\n\t<path class=\"elementor-shape-fill\" d=\"M737.9,94.7L0,0v100h1000V0L737.9,94.7z\"\/>\n<\/svg>\t\t<\/div>\n\t\t\t\t\t<div class=\"elementor-container elementor-column-gap-default\">\n\t\t\t\t\t<div class=\"elementor-column elementor-col-100 elementor-top-column elementor-element elementor-element-05e0420\" data-id=\"05e0420\" data-element_type=\"column\" data-e-type=\"column\">\n\t\t\t<div class=\"elementor-widget-wrap elementor-element-populated\">\n\t\t\t\t\t\t<div class=\"elementor-element elementor-element-74e87bb elementor-widget__width-auto ha-has-bg-overlay elementor-widget elementor-widget-heading\" data-id=\"74e87bb\" data-element_type=\"widget\" data-e-type=\"widget\" data-widget_type=\"heading.default\">\n\t\t\t\t<div class=\"elementor-widget-container\">\n\t\t\t\t\t<h1 class=\"elementor-heading-title elementor-size-default\">Politique en mati\u00e8re de confidentialit\u00e9 et de cookies<\/h1>\t\t\t\t<\/div>\n\t\t\t\t<\/div>\n\t\t\t\t\t<\/div>\n\t\t<\/div>\n\t\t\t\t\t<\/div>\n\t\t<\/section>\n\t\t\t\t<section class=\"elementor-section elementor-top-section elementor-element elementor-element-ae56ded elementor-section-boxed elementor-section-height-default elementor-section-height-default\" data-id=\"ae56ded\" data-element_type=\"section\" data-e-type=\"section\" data-settings=\"{&quot;jet_parallax_layout_list&quot;:[],&quot;_ha_eqh_enable&quot;:false}\">\n\t\t\t\t\t\t<div class=\"elementor-container elementor-column-gap-default\">\n\t\t\t\t\t<div class=\"elementor-column elementor-col-100 elementor-top-column elementor-element elementor-element-51d12e9\" data-id=\"51d12e9\" data-element_type=\"column\" data-e-type=\"column\">\n\t\t\t<div class=\"elementor-widget-wrap elementor-element-populated\">\n\t\t\t\t\t\t<div class=\"elementor-element elementor-element-5e5fb54 elementor-widget elementor-widget-template\" data-id=\"5e5fb54\" data-element_type=\"widget\" data-e-type=\"widget\" data-widget_type=\"template.default\">\n\t\t\t\t<div class=\"elementor-widget-container\">\n\t\t\t\t\t\t\t<div class=\"elementor-template\">\n\t\t\t\t\t<div data-elementor-type=\"section\" data-elementor-id=\"1416\" class=\"elementor elementor-1416\" data-elementor-settings=\"{&quot;ha_cmc_init_switcher&quot;:&quot;no&quot;}\" data-elementor-post-type=\"elementor_library\">\n\t\t\t\t\t<section class=\"elementor-section elementor-top-section elementor-element elementor-element-3c57b33a elementor-section-boxed elementor-section-height-default elementor-section-height-default\" data-id=\"3c57b33a\" data-element_type=\"section\" data-e-type=\"section\" data-settings=\"{&quot;jet_parallax_layout_list&quot;:[],&quot;_ha_eqh_enable&quot;:false}\">\n\t\t\t\t\t\t<div class=\"elementor-container elementor-column-gap-default\">\n\t\t\t\t\t<div class=\"elementor-column elementor-col-100 elementor-top-column elementor-element elementor-element-132f7703\" data-id=\"132f7703\" data-element_type=\"column\" data-e-type=\"column\">\n\t\t\t<div class=\"elementor-widget-wrap elementor-element-populated\">\n\t\t\t\t\t\t<div class=\"elementor-element elementor-element-2584153c jet-breadcrumbs-align-right e-transform elementor-widget elementor-widget-jet-breadcrumbs\" data-id=\"2584153c\" data-element_type=\"widget\" data-e-type=\"widget\" data-settings=\"{&quot;_transform_rotateZ_effect&quot;:{&quot;unit&quot;:&quot;px&quot;,&quot;size&quot;:-2.20000000000000017763568394002504646778106689453125,&quot;sizes&quot;:[]},&quot;_transform_rotateZ_effect_mobile&quot;:{&quot;unit&quot;:&quot;deg&quot;,&quot;size&quot;:0,&quot;sizes&quot;:[]},&quot;_transform_rotateZ_effect_tablet&quot;:{&quot;unit&quot;:&quot;deg&quot;,&quot;size&quot;:&quot;&quot;,&quot;sizes&quot;:[]}}\" data-widget_type=\"jet-breadcrumbs.default\">\n\t\t\t\t<div class=\"elementor-widget-container\">\n\t\t\t\t\t<div class=\"elementor-jet-breadcrumbs jet-blocks\">\n\t\t<div class=\"jet-breadcrumbs\">\n\t\t<div class=\"jet-breadcrumbs__content\">\n\t\t<div class=\"jet-breadcrumbs__wrap\"><div class=\"jet-breadcrumbs__item\"><a href=\"https:\/\/betonwerken-lombaert.be\/fr\/\" class=\"jet-breadcrumbs__item-link is-home\" rel=\"home\" title=\"Accueil\">Accueil<\/a><\/div>\n\t\t<\/div>\n\t\t<\/div>\n\t\t<\/div><\/div>\t\t\t\t<\/div>\n\t\t\t\t<\/div>\n\t\t\t\t\t<\/div>\n\t\t<\/div>\n\t\t\t\t\t<\/div>\n\t\t<\/section>\n\t\t\t\t<\/div>\n\t\t\t\t<\/div>\n\t\t\t\t\t\t<\/div>\n\t\t\t\t<\/div>\n\t\t\t\t\t<\/div>\n\t\t<\/div>\n\t\t\t\t\t<\/div>\n\t\t<\/section>\n\t\t\t\t<section class=\"elementor-section elementor-top-section elementor-element elementor-element-38809f7 elementor-section-boxed elementor-section-height-default elementor-section-height-default\" data-id=\"38809f7\" data-element_type=\"section\" data-e-type=\"section\" data-settings=\"{&quot;jet_parallax_layout_list&quot;:[],&quot;_ha_eqh_enable&quot;:false}\">\n\t\t\t\t\t\t<div class=\"elementor-container elementor-column-gap-default\">\n\t\t\t\t\t<div class=\"elementor-column elementor-col-100 elementor-top-column elementor-element elementor-element-8b7e00d\" data-id=\"8b7e00d\" data-element_type=\"column\" data-e-type=\"column\">\n\t\t\t<div class=\"elementor-widget-wrap elementor-element-populated\">\n\t\t\t\t\t\t<div class=\"elementor-element elementor-element-91384c0 elementor-widget elementor-widget-text-editor\" data-id=\"91384c0\" data-element_type=\"widget\" data-e-type=\"widget\" data-widget_type=\"text-editor.default\">\n\t\t\t\t<div class=\"elementor-widget-container\">\n\t\t\t\t\t\t\t\t\t<p>BVBA Betonwerken Lombaert BVBA Betonwerken Lombaert, situ\u00e9e \u00e0 Landbeek 22 1730 Asse, est responsable du traitement des donn\u00e9es \u00e0 caract\u00e8re personnel tel qu'il est d\u00e9crit dans la pr\u00e9sente d\u00e9claration de confidentialit\u00e9.<\/p><h3>Coordonn\u00e9es de la personne \u00e0 contacter :<\/h3><p>www.betonwerken-lombaert.be Landbeek 22 1730 Asse 0477\/72.26.95<\/p><h3>Donn\u00e9es personnelles que nous traitons<\/h3><p>La SPRL Betonwerken Lombaert traite vos donn\u00e9es personnelles parce que vous utilisez nos services et\/ou parce que vous nous les fournissez vous-m\u00eame.<br \/>Vous trouverez ci-dessous un aper\u00e7u des donn\u00e9es personnelles que nous traitons :<br \/>- Pr\u00e9nom et nom<br \/>- Adresse \u00e9lectronique<\/p><h3>Donn\u00e9es personnelles sp\u00e9ciales et\/ou sensibles que nous traitons<\/h3><p>Notre site web et\/ou service n'a pas l'intention de collecter des donn\u00e9es sur les visiteurs du site web \u00e2g\u00e9s de moins de 16 ans. \u00c0 moins qu'ils ne disposent d'une autorisation parentale ou d'un tuteur. Toutefois, nous ne pouvons pas v\u00e9rifier si un visiteur a plus de 16 ans. Nous conseillons donc aux parents de s'impliquer dans les activit\u00e9s en ligne de leurs enfants afin d'\u00e9viter de collecter des donn\u00e9es sur les enfants sans leur consentement. Si vous \u00eates convaincu que nous avons collect\u00e9 des donn\u00e9es personnelles sur un mineur sans ce consentement, veuillez nous contacter \u00e0 l'adresse info@betonwerkenlombaert.be et nous supprimerons ces informations.<\/p><h3>Dans quel but et sur quelle base nous traitons les donn\u00e9es \u00e0 caract\u00e8re personnel<\/h3><p>La SPRL Betonwerken Lombaert traite vos donn\u00e9es personnelles aux fins suivantes :<br \/>- vous appeler ou vous envoyer un courrier \u00e9lectronique si cela s'av\u00e8re n\u00e9cessaire pour la prestation de nos services<br \/>- Pour vous fournir des biens et des services<\/p><h3>Prise de d\u00e9cision automatis\u00e9e<\/h3><p>La SPRL Betonwerken Lombaert ne prend pas de d\u00e9cisions concernant des questions susceptibles d'affecter (de mani\u00e8re significative) des personnes sur la base d'un traitement automatis\u00e9. Il s'agit de d\u00e9cisions prises par des programmes ou syst\u00e8mes informatiques, sans l'intervention d'un \u00eatre humain (par exemple un employ\u00e9 de la SPRL Betonwerken Lombaert). La SPRL Betonwerken Lombaert utilise les programmes ou syst\u00e8mes informatiques suivants : Plate-forme WordPress<\/p><h3>Dur\u00e9e de conservation des donn\u00e9es personnelles<\/h3><p>La SPRL Betonwerken Lombaert ne conserve pas vos donn\u00e9es \u00e0 caract\u00e8re personnel plus longtemps que ce qui est strictement n\u00e9cessaire pour atteindre les objectifs pour lesquels vos donn\u00e9es ont \u00e9t\u00e9 collect\u00e9es. Nous utilisons les p\u00e9riodes de conservation suivantes pour les (cat\u00e9gories de) donn\u00e9es personnelles suivantes :<br \/>Donn\u00e9es personnelles : 5 ans<br \/>Adresse : 5 ans<\/p><h3>Partage des donn\u00e9es personnelles avec des tiers<\/h3><p>La SPRL Betonwerken Lombaert ne fournit des informations \u00e0 des tiers que si cela est n\u00e9cessaire \u00e0 l'ex\u00e9cution de notre contrat avec vous ou au respect d'une obligation l\u00e9gale.<\/p><h3>Cookies, ou techniques similaires, que nous utilisons<\/h3><p>La SPRL Betonwerken Lombaert utilise uniquement des cookies techniques et fonctionnels. Et des cookies analytiques qui ne portent pas atteinte \u00e0 votre vie priv\u00e9e. Un cookie est un petit fichier texte qui est stock\u00e9 sur votre ordinateur, tablette ou smartphone lors de votre premi\u00e8re visite sur ce site web. Les cookies que nous utilisons sont n\u00e9cessaires au fonctionnement technique du site web et \u00e0 votre facilit\u00e9 d'utilisation. Ils garantissent le bon fonctionnement du site web et, par exemple, m\u00e9morisent vos pr\u00e9f\u00e9rences. Ils nous permettent \u00e9galement d'optimiser notre site web. Vous pouvez refuser les cookies en param\u00e9trant votre navigateur Internet de mani\u00e8re \u00e0 ce qu'il ne les stocke plus. Vous pouvez \u00e9galement supprimer toute information pr\u00e9c\u00e9demment stock\u00e9e via les param\u00e8tres de votre navigateur.<\/p><h3>Visualiser, modifier ou supprimer des donn\u00e9es<\/h3><p>Vous avez le droit de consulter, de corriger ou de supprimer vos donn\u00e9es personnelles. Vous avez \u00e9galement le droit de retirer votre \u00e9ventuel consentement au traitement des donn\u00e9es ou de vous opposer au traitement de vos donn\u00e9es personnelles par la SPRL Betonwerken Lombaert, et vous avez le droit \u00e0 la portabilit\u00e9 des donn\u00e9es. Cela signifie que vous pouvez nous demander de vous envoyer les donn\u00e9es personnelles que nous d\u00e9tenons sur vous dans un fichier informatique, \u00e0 vous ou \u00e0 une autre organisation que vous avez d\u00e9sign\u00e9e.<\/p><p>Vous pouvez envoyer une demande d'acc\u00e8s, de correction, de suppression, de transfert de vos donn\u00e9es personnelles ou demander la r\u00e9vocation de votre consentement ou de votre objection au traitement de vos donn\u00e9es personnelles \u00e0 info@betonwerkenlombaert.be.<\/p><p>Afin de s'assurer que la demande de contr\u00f4le \u00e9mane bien de vous, nous vous demandons de joindre \u00e0 votre demande une copie de votre preuve d'identit\u00e9. Sur cette copie, noircissez votre photo de passeport, la MRZ (zone de lecture automatique, la bande de chiffres au bas du passeport), le num\u00e9ro de passeport et le num\u00e9ro de service du citoyen (BSN). Ceci afin de prot\u00e9ger votre vie priv\u00e9e. Nous r\u00e9pondrons \u00e0 votre demande d\u00e8s que possible, mais dans un d\u00e9lai de quatre semaines.<\/p><p>La SPRL Betonwerken Lombaert souhaite \u00e9galement vous informer que vous avez la possibilit\u00e9 de d\u00e9poser une plainte aupr\u00e8s du r\u00e9gulateur national, l'Autorit\u00e9 des donn\u00e9es personnelles. Vous pouvez le faire via le lien suivant : https:\/\/autoriteitpersoonsgegevens.nl\/nl\/contact-met-de-autoriteit-persoonsgegevens\/tip-ons<\/p><h3>Comment nous s\u00e9curisons les donn\u00e9es personnelles<\/h3><p>La SPRL Betonwerken Lombaert prend au s\u00e9rieux la protection de vos donn\u00e9es et prend des mesures appropri\u00e9es pour lutter contre les abus, les pertes, les acc\u00e8s non autoris\u00e9s, les divulgations non d\u00e9sir\u00e9es et les modifications non autoris\u00e9es. Si vous avez l'impression que vos donn\u00e9es ne sont pas correctement s\u00e9curis\u00e9es ou qu'il existe des indices d'abus, veuillez contacter notre service client\u00e8le ou via info@betonwerkenlombaert.be.<\/p>\t\t\t\t\t\t\t\t<\/div>\n\t\t\t\t<\/div>\n\t\t\t\t\t<\/div>\n\t\t<\/div>\n\t\t\t\t\t<\/div>\n\t\t<\/section>\n\t\t\t\t<\/div>","protected":false},"excerpt":{"rendered":"<p>Privacy- en cookiebeleid BVBA Betonwerken Lombaert BVBA Betonwerken Lombaert, gevestigd aan Landbeek 22 1730 Asse, is verantwoordelijk voor de verwerking van persoonsgegevens zoals weergegeven in deze privacyverklaring. Contactgegevens: www.betonwerken-lombaert.be Landbeek 22 1730 Asse 0477\/72.26.95 Persoonsgegevens die wij verwerken BVBA Betonwerken Lombaert verwerkt uw persoonsgegevens doordat u gebruik maakt van onze diensten en\/of omdat u deze [&hellip;]<\/p>\n","protected":false},"author":2,"featured_media":0,"parent":0,"menu_order":0,"comment_status":"closed","ping_status":"closed","template":"","meta":{"_seopress_robots_primary_cat":"","_seopress_titles_title":"","_seopress_titles_desc":"","_seopress_robots_index":"","om_disable_all_campaigns":false,"footnotes":""},"class_list":["post-1925","page","type-page","status-publish","hentry"],"_links":{"self":[{"href":"https:\/\/betonwerken-lombaert.be\/fr\/wp-json\/wp\/v2\/pages\/1925","targetHints":{"allow":["GET"]}}],"collection":[{"href":"https:\/\/betonwerken-lombaert.be\/fr\/wp-json\/wp\/v2\/pages"}],"about":[{"href":"https:\/\/betonwerken-lombaert.be\/fr\/wp-json\/wp\/v2\/types\/page"}],"author":[{"embeddable":true,"href":"https:\/\/betonwerken-lombaert.be\/fr\/wp-json\/wp\/v2\/users\/2"}],"replies":[{"embeddable":true,"href":"https:\/\/betonwerken-lombaert.be\/fr\/wp-json\/wp\/v2\/comments?post=1925"}],"version-history":[{"count":3,"href":"https:\/\/betonwerken-lombaert.be\/fr\/wp-json\/wp\/v2\/pages\/1925\/revisions"}],"predecessor-version":[{"id":1942,"href":"https:\/\/betonwerken-lombaert.be\/fr\/wp-json\/wp\/v2\/pages\/1925\/revisions\/1942"}],"wp:attachment":[{"href":"https:\/\/betonwerken-lombaert.be\/fr\/wp-json\/wp\/v2\/media?parent=1925"}],"curies":[{"name":"wp","href":"https:\/\/api.w.org\/{rel}","templated":true}]}}