{"id":1943,"date":"2023-04-19T15:14:14","date_gmt":"2023-04-19T13:14:14","guid":{"rendered":"https:\/\/betonwerken-lombaert.be\/?page_id=1943"},"modified":"2025-01-13T11:19:54","modified_gmt":"2025-01-13T10:19:54","slug":"juridische-kennisgeving","status":"publish","type":"page","link":"https:\/\/betonwerken-lombaert.be\/fr\/avis-juridique\/","title":{"rendered":"Avis juridique"},"content":{"rendered":"<div data-elementor-type=\"wp-page\" data-elementor-id=\"1943\" class=\"elementor elementor-1943\" data-elementor-settings=\"{&quot;ha_cmc_init_switcher&quot;:&quot;no&quot;}\" data-elementor-post-type=\"page\">\n\t\t\t\t\t\t<section class=\"elementor-section elementor-top-section elementor-element elementor-element-9e15592 elementor-section-height-min-height elementor-section-boxed elementor-section-height-default elementor-section-items-middle\" data-id=\"9e15592\" data-element_type=\"section\" data-e-type=\"section\" data-settings=\"{&quot;background_background&quot;:&quot;classic&quot;,&quot;shape_divider_bottom&quot;:&quot;triangle-asymmetrical&quot;,&quot;shape_divider_bottom_negative&quot;:&quot;yes&quot;,&quot;jet_parallax_layout_list&quot;:[],&quot;_ha_eqh_enable&quot;:false}\">\n\t\t\t\t\t<div class=\"elementor-shape elementor-shape-bottom\" aria-hidden=\"true\" data-negative=\"true\">\n\t\t\t<svg xmlns=\"http:\/\/www.w3.org\/2000\/svg\" viewbox=\"0 0 1000 100\" preserveaspectratio=\"none\">\n\t<path class=\"elementor-shape-fill\" d=\"M737.9,94.7L0,0v100h1000V0L737.9,94.7z\"\/>\n<\/svg>\t\t<\/div>\n\t\t\t\t\t<div class=\"elementor-container elementor-column-gap-default\">\n\t\t\t\t\t<div class=\"elementor-column elementor-col-100 elementor-top-column elementor-element elementor-element-e83f053\" data-id=\"e83f053\" data-element_type=\"column\" data-e-type=\"column\">\n\t\t\t<div class=\"elementor-widget-wrap elementor-element-populated\">\n\t\t\t\t\t\t<div class=\"elementor-element elementor-element-6604de2 elementor-widget__width-auto ha-has-bg-overlay elementor-widget elementor-widget-heading\" data-id=\"6604de2\" data-element_type=\"widget\" data-e-type=\"widget\" data-widget_type=\"heading.default\">\n\t\t\t\t<div class=\"elementor-widget-container\">\n\t\t\t\t\t<h1 class=\"elementor-heading-title elementor-size-default\">Avis juridique\n<\/h1>\t\t\t\t<\/div>\n\t\t\t\t<\/div>\n\t\t\t\t\t<\/div>\n\t\t<\/div>\n\t\t\t\t\t<\/div>\n\t\t<\/section>\n\t\t\t\t<section class=\"elementor-section elementor-top-section elementor-element elementor-element-d2347d8 elementor-section-boxed elementor-section-height-default elementor-section-height-default\" data-id=\"d2347d8\" data-element_type=\"section\" data-e-type=\"section\" data-settings=\"{&quot;jet_parallax_layout_list&quot;:[],&quot;_ha_eqh_enable&quot;:false}\">\n\t\t\t\t\t\t<div class=\"elementor-container elementor-column-gap-default\">\n\t\t\t\t\t<div class=\"elementor-column elementor-col-100 elementor-top-column elementor-element elementor-element-8d916e5\" data-id=\"8d916e5\" data-element_type=\"column\" data-e-type=\"column\">\n\t\t\t<div class=\"elementor-widget-wrap elementor-element-populated\">\n\t\t\t\t\t\t<div class=\"elementor-element elementor-element-52fc321 elementor-widget elementor-widget-template\" data-id=\"52fc321\" data-element_type=\"widget\" data-e-type=\"widget\" data-widget_type=\"template.default\">\n\t\t\t\t<div class=\"elementor-widget-container\">\n\t\t\t\t\t\t\t<div class=\"elementor-template\">\n\t\t\t\t\t<div data-elementor-type=\"section\" data-elementor-id=\"1416\" class=\"elementor elementor-1416\" data-elementor-settings=\"{&quot;ha_cmc_init_switcher&quot;:&quot;no&quot;}\" data-elementor-post-type=\"elementor_library\">\n\t\t\t\t\t<section class=\"elementor-section elementor-top-section elementor-element elementor-element-3c57b33a elementor-section-boxed elementor-section-height-default elementor-section-height-default\" data-id=\"3c57b33a\" data-element_type=\"section\" data-e-type=\"section\" data-settings=\"{&quot;jet_parallax_layout_list&quot;:[],&quot;_ha_eqh_enable&quot;:false}\">\n\t\t\t\t\t\t<div class=\"elementor-container elementor-column-gap-default\">\n\t\t\t\t\t<div class=\"elementor-column elementor-col-100 elementor-top-column elementor-element elementor-element-132f7703\" data-id=\"132f7703\" data-element_type=\"column\" data-e-type=\"column\">\n\t\t\t<div class=\"elementor-widget-wrap elementor-element-populated\">\n\t\t\t\t\t\t<div class=\"elementor-element elementor-element-2584153c jet-breadcrumbs-align-right e-transform elementor-widget elementor-widget-jet-breadcrumbs\" data-id=\"2584153c\" data-element_type=\"widget\" data-e-type=\"widget\" data-settings=\"{&quot;_transform_rotateZ_effect&quot;:{&quot;unit&quot;:&quot;px&quot;,&quot;size&quot;:-2.20000000000000017763568394002504646778106689453125,&quot;sizes&quot;:[]},&quot;_transform_rotateZ_effect_mobile&quot;:{&quot;unit&quot;:&quot;deg&quot;,&quot;size&quot;:0,&quot;sizes&quot;:[]},&quot;_transform_rotateZ_effect_tablet&quot;:{&quot;unit&quot;:&quot;deg&quot;,&quot;size&quot;:&quot;&quot;,&quot;sizes&quot;:[]}}\" data-widget_type=\"jet-breadcrumbs.default\">\n\t\t\t\t<div class=\"elementor-widget-container\">\n\t\t\t\t\t<div class=\"elementor-jet-breadcrumbs jet-blocks\">\n\t\t<div class=\"jet-breadcrumbs\">\n\t\t<div class=\"jet-breadcrumbs__content\">\n\t\t<div class=\"jet-breadcrumbs__wrap\"><div class=\"jet-breadcrumbs__item\"><a href=\"https:\/\/betonwerken-lombaert.be\/fr\/\" class=\"jet-breadcrumbs__item-link is-home\" rel=\"home\" title=\"Accueil\">Accueil<\/a><\/div>\n\t\t<\/div>\n\t\t<\/div>\n\t\t<\/div><\/div>\t\t\t\t<\/div>\n\t\t\t\t<\/div>\n\t\t\t\t\t<\/div>\n\t\t<\/div>\n\t\t\t\t\t<\/div>\n\t\t<\/section>\n\t\t\t\t<\/div>\n\t\t\t\t<\/div>\n\t\t\t\t\t\t<\/div>\n\t\t\t\t<\/div>\n\t\t\t\t\t<\/div>\n\t\t<\/div>\n\t\t\t\t\t<\/div>\n\t\t<\/section>\n\t\t\t\t<section class=\"elementor-section elementor-top-section elementor-element elementor-element-f609f59 elementor-section-boxed elementor-section-height-default elementor-section-height-default\" data-id=\"f609f59\" data-element_type=\"section\" data-e-type=\"section\" data-settings=\"{&quot;jet_parallax_layout_list&quot;:[],&quot;_ha_eqh_enable&quot;:false}\">\n\t\t\t\t\t\t<div class=\"elementor-container elementor-column-gap-default\">\n\t\t\t\t\t<div class=\"elementor-column elementor-col-100 elementor-top-column elementor-element elementor-element-19d5770\" data-id=\"19d5770\" data-element_type=\"column\" data-e-type=\"column\">\n\t\t\t<div class=\"elementor-widget-wrap elementor-element-populated\">\n\t\t\t\t\t\t<div class=\"elementor-element elementor-element-4da6934 elementor-widget elementor-widget-text-editor\" data-id=\"4da6934\" data-element_type=\"widget\" data-e-type=\"widget\" data-widget_type=\"text-editor.default\">\n\t\t\t\t<div class=\"elementor-widget-container\">\n\t\t\t\t\t\t\t\t\t<p>Betonwerken Lombaert a d\u00e9velopp\u00e9 ce site web et en g\u00e8re le contenu. L'utilisation du site web et des informations qu'il contient n'est possible que si les conditions d'utilisation d\u00e9crites ci-dessous sont respect\u00e9es. Toute utilisation de ce site web implique automatiquement l'acceptation inconditionnelle de ces conditions d'utilisation.<\/p><h3>1. \u00c9diteur responsable<\/h3><p>L'\u00e9diteur de ce site web est : BVBA Betonwerken Lombaert - Landbeek 22 - 1730 Asse.<\/p><h3>2. Responsabilit\u00e9<\/h3><p>L'intention de Betonwerken Lombaert est de vous tenir inform\u00e9 de ses activit\u00e9s, services et produits par le biais de ce site web. Ce site n'a pas de but publicitaire. Betonwerken Lombaert s'efforce de v\u00e9rifier et d'actualiser les informations figurant sur ce site. En outre, le contenu de ce site peut \u00eatre mis \u00e0 jour r\u00e9guli\u00e8rement. Betonwerken Lombaert ne peut toutefois pas garantir que le contenu du site soit toujours complet, exact et \u00e0 jour. Betonwerken Lombaert ne peut \u00eatre jug\u00e9e sur la base du contenu de ce site web. Pour une \u00e9valuation pr\u00e9cise de l'entreprise, veuillez utiliser les canaux d'information juridique.<\/p><p>Betonwerken Lombaert ne peut \u00eatre tenue responsable de tout dommage r\u00e9sultant de l'utilisation de ce site web ou des informations qui y sont fournies. En outre, Betonwerken Lombaert ne peut \u00eatre tenue responsable des dommages r\u00e9sultant de probl\u00e8mes techniques et de l'indisponibilit\u00e9 du site. Betonwerken Lombaert ne garantit pas que les fichiers propos\u00e9s sur le site soient compatibles avec l'infrastructure de l'utilisateur.<\/p><p>Betonwerken Lombaert peut modifier tout ou partie du contenu de ce site \u00e0 tout moment et sans pr\u00e9avis. Betonwerken Lombaert d\u00e9cline toute responsabilit\u00e9 pour les dommages qui pourraient r\u00e9sulter directement ou indirectement d'erreurs ou de l'absence de mise \u00e0 jour du site, sauf en cas de lacunes graves ou d'erreurs d\u00e9lib\u00e9r\u00e9es.<\/p><h3>3. Liens vers d'autres sites web<\/h3><p>Les sites web auxquels les hyperliens de ce site peuvent renvoyer ne sont pas contr\u00f4l\u00e9s par Betonwerken Lombaert, et Betonwerken Lombaert n'est donc pas responsable du contenu ill\u00e9gal de ces sites web externes, ni des hyperliens qui redirigent eux-m\u00eames vers d'autres sites web. La pr\u00e9sence d'un hyperlien vers un site tiers n'implique en aucun cas une approbation ou une garantie de qualit\u00e9 de la part de Betonwerken Lombaert.<\/p><h3>4. La propri\u00e9t\u00e9 intellectuelle<\/h3><p>Le contenu du site est prot\u00e9g\u00e9 par des droits de propri\u00e9t\u00e9 intellectuelle d\u00e9tenus par Betonwerken Lombaert ou par des tiers. Ce site web, ou certaines parties de celui-ci, peut \u00eatre imprim\u00e9 ou reproduit \u00e0 des fins strictement personnelles et non commerciales, avec les mentions l\u00e9gales relatives \u00e0 la propri\u00e9t\u00e9 intellectuelle : \u00a9 Betonwerken Lombaert. Toute personne souhaitant reproduire ou distribuer ce site web au grand public doit au pr\u00e9alable obtenir l'autorisation \u00e9crite expresse de Betonwerken Lombaert.<br \/>Toute autre utilisation, y compris, mais sans s'y limiter, la reproduction, l'adaptation, la distribution, la transmission, la republication, la publication et\/ou l'affichage de tout ou partie du contenu de ce site web est strictement interdite sans l'accord \u00e9crit pr\u00e9alable de Betonwerken Lombaert.<\/p><h3>5. Protection de la vie priv\u00e9e<\/h3><p>Betonwerken Lombaert garantit la protection de la vie priv\u00e9e de chaque utilisateur et respecte les dispositions l\u00e9gales applicables. Les utilisateurs peuvent librement visiter ce site web et consulter des informations sur notre organisation et nos services sans communiquer de donn\u00e9es personnelles.<br \/><a href=\"https:\/\/betonwerken-lombaert.be\/fr\/politique-en-matiere-de-protection-de-la-vie-privee-et-de-cookies-2\/\">Voir Protection des donn\u00e9es personnelles.<\/a><\/p><h3>6. Formulaire de contact<\/h3><p>Vous pouvez contacter Betonwerken Lombaert en utilisant le formulaire de contact. Tout formulaire dont le contenu est consid\u00e9r\u00e9 comme non pertinent pour le travail de Betonwerken Lombaert peut \u00eatre laiss\u00e9 sans effet.<\/p><h3>7. Cr\u00e9er un lien vers ce site<\/h3><p>Si l'utilisateur souhaite cr\u00e9er un lien vers le site web de Betonwerken Lombaert, il doit toujours obtenir l'autorisation pr\u00e9alable de Betonwerken Lombaert. Cette autorisation peut \u00eatre demand\u00e9e via la fonction de contact du site web. A cet effet, l'utilisateur mentionnera toujours le nom du site web sur lequel le lien sera ajout\u00e9, ainsi que les coordonn\u00e9es de la personne responsable de ce site et les raisons de l'ajout d'un tel lien. Sans l'accord de Betonwerken Lombaert, il n'est pas permis (1) de placer un lien profond sur un site web, et\/ou (2) de placer un lien encadr\u00e9 ou un lien en ligne vers l'ensemble du site web www.betonwerken-lombaert.be ou vers une partie de celui-ci.<\/p><p>La cr\u00e9ation d'un lien hypertexte n'entra\u00eene pas la lev\u00e9e de l'interdiction de copier, de reproduire ou d'afficher des logos.<\/p><p>L'utilisateur confirme par \u00e9crit qu'il accepte et respectera les conditions impos\u00e9es par Betonwerken Lombaert. Ces conditions sont plus particuli\u00e8rement les suivantes :<\/p><ul><li>Le lien doit diriger le visiteur vers la page d'accueil www.betonwerken-lombaert.be. Vous souhaitez cr\u00e9er un lien vers une autre page de notre site web ? Veuillez l'indiquer explicitement.<\/li><li>Le lien doit \u00eatre cr\u00e9\u00e9 dans une fen\u00eatre compl\u00e8te et donc pas dans des cadres renvoyant \u00e0 d'autres sites web, ni dans des fen\u00eatres pop-up (fen\u00eatres sans boutons de navigation).<\/li><li>Le lien ne peut \u00eatre ajout\u00e9 \u00e0 des sites web dont l'objet et l'image sont contraires \u00e0 la morale ou \u00e0 l'ordre public, ou incompatibles avec l'objet et l'image de Betonwerken Lombaert.<\/li><li>Le lien ne doit pas demander de paiement \u00e0 l'utilisateur.<\/li><\/ul><p>M\u00eame si vous avez obtenu l'autorisation de cr\u00e9er un lien, Betonwerken Lombaert peut toujours l'interdire sans en donner les raisons. Avant de cr\u00e9er un lien payant ou un lien soumis \u00e0 une quelconque forme de paiement par l'utilisateur, il faut toujours demander l'accord \u00e9crit de Betonwerken Lombaert.<\/p><p>Un lien qui, d'une mani\u00e8re ou d'une autre, ne remplit pas les conditions d\u00e9crites ci-dessus peut donner lieu \u00e0 une action en justice.<\/p><h3>8. Droit applicable et juridictions comp\u00e9tentes<\/h3><p>Ce site web, son fonctionnement et son utilisation sont r\u00e9gis exclusivement par le droit belge. Sauf disposition imp\u00e9rative, seuls les tribunaux de Bruxelles sont comp\u00e9tents pour tout litige li\u00e9 \u00e0 l'acc\u00e8s ou \u00e0 l'utilisation de ce site web<\/p>\t\t\t\t\t\t\t\t<\/div>\n\t\t\t\t<\/div>\n\t\t\t\t\t<\/div>\n\t\t<\/div>\n\t\t\t\t\t<\/div>\n\t\t<\/section>\n\t\t\t\t<\/div>","protected":false},"excerpt":{"rendered":"<p>Juridische kennisgeving Betonwerken Lombaert ontwikkelde deze website en beheert de inhoud ervan. Het gebruik van de website en de informatie die daarin wordt verstrekt, is enkel mogelijk voor zover de hierna beschreven gebruiksvoorwaarden worden nageleefd. Enig gebruik van deze website houdt automatisch de onvoorwaardelijke aanvaarding van deze gebruiksvoorwaarden in. 1. Verantwoordelijke uitgever De uitgever van [&hellip;]<\/p>\n","protected":false},"author":2,"featured_media":0,"parent":0,"menu_order":0,"comment_status":"closed","ping_status":"closed","template":"","meta":{"_seopress_robots_primary_cat":"","_seopress_titles_title":"","_seopress_titles_desc":"","_seopress_robots_index":"","om_disable_all_campaigns":false,"footnotes":""},"class_list":["post-1943","page","type-page","status-publish","hentry"],"_links":{"self":[{"href":"https:\/\/betonwerken-lombaert.be\/fr\/wp-json\/wp\/v2\/pages\/1943","targetHints":{"allow":["GET"]}}],"collection":[{"href":"https:\/\/betonwerken-lombaert.be\/fr\/wp-json\/wp\/v2\/pages"}],"about":[{"href":"https:\/\/betonwerken-lombaert.be\/fr\/wp-json\/wp\/v2\/types\/page"}],"author":[{"embeddable":true,"href":"https:\/\/betonwerken-lombaert.be\/fr\/wp-json\/wp\/v2\/users\/2"}],"replies":[{"embeddable":true,"href":"https:\/\/betonwerken-lombaert.be\/fr\/wp-json\/wp\/v2\/comments?post=1943"}],"version-history":[{"count":3,"href":"https:\/\/betonwerken-lombaert.be\/fr\/wp-json\/wp\/v2\/pages\/1943\/revisions"}],"predecessor-version":[{"id":1950,"href":"https:\/\/betonwerken-lombaert.be\/fr\/wp-json\/wp\/v2\/pages\/1943\/revisions\/1950"}],"wp:attachment":[{"href":"https:\/\/betonwerken-lombaert.be\/fr\/wp-json\/wp\/v2\/media?parent=1943"}],"curies":[{"name":"wp","href":"https:\/\/api.w.org\/{rel}","templated":true}]}}